{"id":15389,"date":"2025-11-14T16:21:39","date_gmt":"2025-11-14T19:21:39","guid":{"rendered":"https:\/\/loja.murbbrasil.com\/?post_type=product&#038;p=15389"},"modified":"2026-04-21T12:18:56","modified_gmt":"2026-04-21T15:18:56","slug":"camiseta-murb-oversized","status":"publish","type":"product","link":"https:\/\/loja.murbbrasil.com\/es\/produto\/camiseta-murb-oversized\/","title":{"rendered":"Camiseta Murb Oversized"},"content":{"rendered":"\t\t<div data-elementor-type=\"product-post\" data-elementor-id=\"15389\" class=\"elementor elementor-15389\" data-elementor-post-type=\"product\">\n\t\t\t\t\t\t<section class=\"elementor-section elementor-top-section elementor-element elementor-element-76da5d2f elementor-section-boxed elementor-section-height-default elementor-section-height-default wd-section-disabled\" data-id=\"76da5d2f\" data-element_type=\"section\">\n\t\t\t\t\t\t<div class=\"elementor-container elementor-column-gap-default\">\n\t\t\t\t\t<div class=\"elementor-column elementor-col-100 elementor-top-column elementor-element elementor-element-2a9d7080\" data-id=\"2a9d7080\" data-element_type=\"column\">\n\t\t\t<div class=\"elementor-widget-wrap elementor-element-populated\">\n\t\t\t\t\t\t<div class=\"elementor-element elementor-element-5023b24 elementor-widget elementor-widget-wd_text_block\" data-id=\"5023b24\" data-element_type=\"widget\" data-widget_type=\"wd_text_block.default\">\n\t\t\t\t<div class=\"elementor-widget-container\">\n\t\t\t\t\t\t\t<div class=\"wd-text-block reset-last-child text-left\">\n\t\t\t\n\t\t\t<p>Descri\u00e7\u00e3o<br \/>\u2013 Fabrica\u00e7\u00e3o Pr\u00f3pria<br \/>\u2013 Todos os nossos Produtos s\u00e3o \u00e1 pronta entrega: garantimos envio imediato!<\/p><p>Modelo: Oversize<br \/>Material: 100% Algod\u00e3o penteado 30.1, gramatura 160g, ribana canelada 2\u00d7<br \/>Medidas: Siga imagem de refer\u00eancia abaixo<\/p><table dir=\"ltr\" border=\"1\" cellspacing=\"0\" cellpadding=\"0\" data-sheets-root=\"1\" data-sheets-baot=\"1\"><colgroup> <col width=\"128\" \/> <col width=\"85\" \/> <col width=\"85\" \/> <col width=\"85\" \/> <col width=\"85\" \/><\/colgroup><tbody><tr><td>\u00a0<\/td><td>P<\/td><td>M<\/td><td>G<\/td><td>GG<\/td><\/tr><tr><td>Altura<\/td><td>71 cm<\/td><td>73 cm<\/td><td>75 cm<\/td><td>77 cm<\/td><\/tr><tr><td>Largura<\/td><td>67 cm<\/td><td>70 cm<\/td><td>73 cm<\/td><td>76 cm<\/td><\/tr><tr><td>Com. Manga 1\/2<\/td><td>15 cm<\/td><td>16 cm<\/td><td>17 cm<\/td><td>18 cm<\/td><\/tr><tr><td>\u00a0<\/td><td>\u00a0<\/td><td>\u00a0<\/td><td>\u00a0<\/td><td>\u00a0<\/td><\/tr><\/tbody><\/table>\n\t\t\t\t\t<\/div>\n\t\t\t\t\t\t<\/div>\n\t\t\t\t<\/div>\n\t\t\t\t\t<\/div>\n\t\t<\/div>\n\t\t\t\t\t<\/div>\n\t\t<\/section>\n\t\t\t\t<\/div>\n\t\t","protected":false},"excerpt":{"rendered":"<p>Descri\u00e7\u00e3o\u2013 Fabrica\u00e7\u00e3o Pr\u00f3pria\u2013 Todos os nossos Produtos s\u00e3o \u00e1 pronta entrega: garantimos envio imediato! Modelo: OversizeMaterial: 100% Algod\u00e3o penteado 30.1,<\/p>\n","protected":false},"featured_media":15415,"template":"","meta":[],"product_brand":[],"product_cat":[146],"product_tag":[],"class_list":{"0":"post-15389","1":"product","2":"type-product","3":"status-publish","4":"has-post-thumbnail","6":"product_cat-roupas","8":"first","9":"instock","10":"sale","11":"shipping-taxable","12":"purchasable","13":"product-type-variable"},"_links":{"self":[{"href":"https:\/\/loja.murbbrasil.com\/es\/wp-json\/wp\/v2\/product\/15389","targetHints":{"allow":["GET"]}}],"collection":[{"href":"https:\/\/loja.murbbrasil.com\/es\/wp-json\/wp\/v2\/product"}],"about":[{"href":"https:\/\/loja.murbbrasil.com\/es\/wp-json\/wp\/v2\/types\/product"}],"version-history":[{"count":23,"href":"https:\/\/loja.murbbrasil.com\/es\/wp-json\/wp\/v2\/product\/15389\/revisions"}],"predecessor-version":[{"id":15444,"href":"https:\/\/loja.murbbrasil.com\/es\/wp-json\/wp\/v2\/product\/15389\/revisions\/15444"}],"wp:featuredmedia":[{"embeddable":true,"href":"https:\/\/loja.murbbrasil.com\/es\/wp-json\/wp\/v2\/media\/15415"}],"wp:attachment":[{"href":"https:\/\/loja.murbbrasil.com\/es\/wp-json\/wp\/v2\/media?parent=15389"}],"wp:term":[{"taxonomy":"product_brand","embeddable":true,"href":"https:\/\/loja.murbbrasil.com\/es\/wp-json\/wp\/v2\/product_brand?post=15389"},{"taxonomy":"product_cat","embeddable":true,"href":"https:\/\/loja.murbbrasil.com\/es\/wp-json\/wp\/v2\/product_cat?post=15389"},{"taxonomy":"product_tag","embeddable":true,"href":"https:\/\/loja.murbbrasil.com\/es\/wp-json\/wp\/v2\/product_tag?post=15389"}],"curies":[{"name":"wp","href":"https:\/\/api.w.org\/{rel}","templated":true}]}}