{"id":14883,"date":"2023-09-05T21:32:10","date_gmt":"2023-09-06T00:32:10","guid":{"rendered":"https:\/\/loja.murbbrasil.com\/?post_type=product&#038;p=14883"},"modified":"2023-09-28T23:07:35","modified_gmt":"2023-09-29T02:07:35","slug":"moletom-funk-mc-kevin-esquece-voce-nunca-sera-esquecido-2","status":"publish","type":"product","link":"https:\/\/loja.murbbrasil.com\/es\/produto\/moletom-funk-mc-kevin-esquece-voce-nunca-sera-esquecido-2\/","title":{"rendered":"Moletom Funk Mc Kevin Esquece Voc\u00ea Nunca Ser\u00e1 Esquecido."},"content":{"rendered":"<p>Modelo: Moletom Canguru (unissex) ;<br \/>\nDispon\u00edvel nos Tamanhos: P, M, G, GG<br \/>\nTecido: 75% algod\u00e3o \/ 25% poli\u00e9ster<br \/>\nDetalhes da Estampa: Alta durabilidade;<\/p>\n<p>MEDIDAS DO MOLETOM ( AS MEDIDAS PODEM VARIAS 2CM PARA MAIS OU MENOS:<br \/>\nP altura 64cm x largura 53cm x manga 58cm<br \/>\nM altura 64cm x largura 55cm x manga 62cm<br \/>\nG altura 70cm x largura 61cm x manga 66cm<br \/>\nGG altura 75cm x largura 64cm x manga 68cm<\/p>\n<p>CUIDADOS COM O PRODUTO:<\/p>\n<p>Lave o moletom e a camiseta com o lado da estampa pelo avesso, evite amass\u00e1-los.<br \/>\nN\u00e3o utilize alvejante, \u00e1gua quente, ou lavagem no modo Pesado da sua m\u00e1quina.<br \/>\nLave de prefer\u00eancia em \u00e1gua fria, N\u00c3O deixando o seu moletom de molho<br \/>\nEstenda ap\u00f3s a lavagem, com secagem de prefer\u00eancia na sombra<br \/>\nN\u00e3o passe o ferro por cima da estampa<br \/>\n&#8211; Passe sempre pelo avesso e utilize preferencialmente uma t\u00e1bua de<br \/>\npassar forrada.<\/p>\n","protected":false},"excerpt":{"rendered":"<p>Modelo: Moletom Canguru (unissex) ; Dispon\u00edvel nos Tamanhos: P, M, G, GG Tecido: 75% algod\u00e3o \/ 25% poli\u00e9ster Detalhes da<\/p>\n","protected":false},"featured_media":14953,"template":"","meta":[],"product_brand":[],"product_cat":[147],"product_tag":[],"class_list":{"0":"post-14883","1":"product","2":"type-product","3":"status-publish","4":"has-post-thumbnail","6":"product_cat-acessorios","8":"first","9":"outofstock","10":"shipping-taxable","11":"purchasable","12":"product-type-simple"},"_links":{"self":[{"href":"https:\/\/loja.murbbrasil.com\/es\/wp-json\/wp\/v2\/product\/14883","targetHints":{"allow":["GET"]}}],"collection":[{"href":"https:\/\/loja.murbbrasil.com\/es\/wp-json\/wp\/v2\/product"}],"about":[{"href":"https:\/\/loja.murbbrasil.com\/es\/wp-json\/wp\/v2\/types\/product"}],"version-history":[{"count":1,"href":"https:\/\/loja.murbbrasil.com\/es\/wp-json\/wp\/v2\/product\/14883\/revisions"}],"predecessor-version":[{"id":14884,"href":"https:\/\/loja.murbbrasil.com\/es\/wp-json\/wp\/v2\/product\/14883\/revisions\/14884"}],"wp:featuredmedia":[{"embeddable":true,"href":"https:\/\/loja.murbbrasil.com\/es\/wp-json\/wp\/v2\/media\/14953"}],"wp:attachment":[{"href":"https:\/\/loja.murbbrasil.com\/es\/wp-json\/wp\/v2\/media?parent=14883"}],"wp:term":[{"taxonomy":"product_brand","embeddable":true,"href":"https:\/\/loja.murbbrasil.com\/es\/wp-json\/wp\/v2\/product_brand?post=14883"},{"taxonomy":"product_cat","embeddable":true,"href":"https:\/\/loja.murbbrasil.com\/es\/wp-json\/wp\/v2\/product_cat?post=14883"},{"taxonomy":"product_tag","embeddable":true,"href":"https:\/\/loja.murbbrasil.com\/es\/wp-json\/wp\/v2\/product_tag?post=14883"}],"curies":[{"name":"wp","href":"https:\/\/api.w.org\/{rel}","templated":true}]}}