{"id":4400,"date":"2021-10-12T15:51:09","date_gmt":"2021-10-12T18:51:09","guid":{"rendered":"http:\/\/dummy.xtemos.com\/woodmart2\/elementor\/?page_id=4400"},"modified":"2025-11-13T14:47:37","modified_gmt":"2025-11-13T17:47:37","slug":"sobre-nos-2","status":"publish","type":"page","link":"https:\/\/loja.murbbrasil.com\/es\/sobre-nos-2\/","title":{"rendered":"Sobre Nosotros"},"content":{"rendered":"\t\t<div data-elementor-type=\"wp-page\" data-elementor-id=\"4400\" class=\"elementor elementor-4400\" data-elementor-post-type=\"page\">\n\t\t\t\t\t\t<section class=\"elementor-section elementor-top-section elementor-element elementor-element-30f4b337 elementor-section-content-middle wd-section-stretch elementor-section-boxed elementor-section-height-default elementor-section-height-default\" data-id=\"30f4b337\" data-element_type=\"section\" data-settings=\"{&quot;background_background&quot;:&quot;classic&quot;}\">\n\t\t\t\t\t\t<div class=\"elementor-container elementor-column-gap-narrow\">\n\t\t\t\t\t<div class=\"elementor-column elementor-col-100 elementor-top-column elementor-element elementor-element-709130a2\" data-id=\"709130a2\" data-element_type=\"column\">\n\t\t\t<div class=\"elementor-widget-wrap elementor-element-populated\">\n\t\t\t\t\t\t<div class=\"elementor-element elementor-element-de6816b elementor-widget elementor-widget-wd_title\" data-id=\"de6816b\" data-element_type=\"widget\" data-widget_type=\"wd_title.default\">\n\t\t\t\t<div class=\"elementor-widget-container\">\n\t\t\t\t\t\t\t<div class=\"title-wrapper set-mb-s reset-last-child wd-title-color-primary wd-title-style-default wd-title-size-large text-left\">\n\n\t\t\t\n\t\t\t<div class=\"liner-continer\">\n\t\t\t\t<h4 class=\"woodmart-title-container title wd-fontsize-xxl\">QUEM SOMOS<br \/>\n<\/h4> \n\t\t\t\t\t\t\t<\/div>\n\n\t\t\t\t\t<\/div>\n\t\t\t\t\t\t<\/div>\n\t\t\t\t<\/div>\n\t\t\t\t\t<\/div>\n\t\t<\/div>\n\t\t\t\t\t<\/div>\n\t\t<\/section>\n\t\t\t\t<section class=\"elementor-section elementor-top-section elementor-element elementor-element-3c548bca elementor-reverse-tablet elementor-reverse-mobile elementor-section-boxed elementor-section-height-default elementor-section-height-default wd-section-disabled\" data-id=\"3c548bca\" data-element_type=\"section\">\n\t\t\t\t\t\t<div class=\"elementor-container elementor-column-gap-default\">\n\t\t\t\t\t<div class=\"elementor-column elementor-col-50 elementor-top-column elementor-element elementor-element-1d354ed7\" data-id=\"1d354ed7\" data-element_type=\"column\">\n\t\t\t<div class=\"elementor-widget-wrap elementor-element-populated\">\n\t\t\t\t\t\t<div class=\"elementor-element elementor-element-3b8f1c6 elementor-widget elementor-widget-wd_image_or_svg\" data-id=\"3b8f1c6\" data-element_type=\"widget\" data-widget_type=\"wd_image_or_svg.default\">\n\t\t\t\t<div class=\"elementor-widget-container\">\n\t\t\t\t\t\n\t\t<div class=\"wd-image text-left\">\n\t\t\t\t\t\t\t\t<img fetchpriority=\"high\" decoding=\"async\" width=\"999\" height=\"675\" src=\"https:\/\/loja.murbbrasil.com\/wp-content\/uploads\/2023\/10\/Subject-2-1-_4_-_2_.webp\" class=\"attachment-full size-full\" alt=\"\" srcset=\"https:\/\/loja.murbbrasil.com\/wp-content\/uploads\/2023\/10\/Subject-2-1-_4_-_2_.webp 999w, https:\/\/loja.murbbrasil.com\/wp-content\/uploads\/2023\/10\/Subject-2-1-_4_-_2_-150x101.webp 150w, https:\/\/loja.murbbrasil.com\/wp-content\/uploads\/2023\/10\/Subject-2-1-_4_-_2_-400x270.webp 400w, https:\/\/loja.murbbrasil.com\/wp-content\/uploads\/2023\/10\/Subject-2-1-_4_-_2_-768x519.webp 768w, https:\/\/loja.murbbrasil.com\/wp-content\/uploads\/2023\/10\/Subject-2-1-_4_-_2_-860x581.webp 860w, https:\/\/loja.murbbrasil.com\/wp-content\/uploads\/2023\/10\/Subject-2-1-_4_-_2_-430x291.webp 430w, https:\/\/loja.murbbrasil.com\/wp-content\/uploads\/2023\/10\/Subject-2-1-_4_-_2_-700x473.webp 700w, https:\/\/loja.murbbrasil.com\/wp-content\/uploads\/2023\/10\/Subject-2-1-_4_-_2_-80x54.webp 80w\" sizes=\"(max-width: 999px) 100vw, 999px\" \/>\t\t\t\t\t<\/div>\n\n\t\t\t\t\t\t<\/div>\n\t\t\t\t<\/div>\n\t\t\t\t\t<\/div>\n\t\t<\/div>\n\t\t\t\t<div class=\"elementor-column elementor-col-50 elementor-top-column elementor-element elementor-element-7a9daa7\" data-id=\"7a9daa7\" data-element_type=\"column\">\n\t\t\t<div class=\"elementor-widget-wrap elementor-element-populated\">\n\t\t\t\t\t\t<div class=\"elementor-element elementor-element-18566191 elementor-widget elementor-widget-wd_title\" data-id=\"18566191\" data-element_type=\"widget\" data-widget_type=\"wd_title.default\">\n\t\t\t\t<div class=\"elementor-widget-container\">\n\t\t\t\t\t\t\t<div class=\"title-wrapper set-mb-s reset-last-child wd-title-color-primary wd-title-style-default wd-title-size-large text-left\">\n\n\t\t\t\n\t\t\t<div class=\"liner-continer\">\n\t\t\t\t<h4 class=\"woodmart-title-container title wd-fontsize-xxl\">Murb: M\u00fasica Urbana. Moda Urbana. Movimento Urbano<\/h4> \n\t\t\t\t\t\t\t<\/div>\n\n\t\t\t\t\t<\/div>\n\t\t\t\t\t\t<\/div>\n\t\t\t\t<\/div>\n\t\t\t\t<div class=\"elementor-element elementor-element-cf34ae6 elementor-widget elementor-widget-wd_text_block\" data-id=\"cf34ae6\" data-element_type=\"widget\" data-widget_type=\"wd_text_block.default\">\n\t\t\t\t<div class=\"elementor-widget-container\">\n\t\t\t\t\t\t\t<div class=\"wd-text-block reset-last-child text-left\">\n\t\t\t\n\t\t\t<p data-start=\"125\" data-end=\"369\"><strong data-start=\"84\" data-end=\"141\">Bem-vindo \u00e0 Murb \u2014 onde a cultura urbana se encontra.<\/strong><br data-start=\"141\" data-end=\"144\" \/>Mais do que uma loja virtual, somos uma plataforma que celebra a autenticidade, a criatividade e a diversidade das ruas. Nossa miss\u00e3o \u00e9 conectar amantes da m\u00fasica e da cultura urbana do Brasil e do mundo, criando um espa\u00e7o onde estilo, arte e identidade caminham juntos.<\/p>\n\t\t\t\t\t<\/div>\n\t\t\t\t\t\t<\/div>\n\t\t\t\t<\/div>\n\t\t\t\t\t<\/div>\n\t\t<\/div>\n\t\t\t\t\t<\/div>\n\t\t<\/section>\n\t\t\t\t<section class=\"elementor-section elementor-top-section elementor-element elementor-element-951dafc elementor-section-full_width elementor-section-height-default elementor-section-height-default wd-section-disabled\" data-id=\"951dafc\" data-element_type=\"section\" data-settings=\"{&quot;background_background&quot;:&quot;classic&quot;}\">\n\t\t\t\t\t\t<div class=\"elementor-container elementor-column-gap-default\">\n\t\t\t\t\t<div class=\"elementor-column elementor-col-100 elementor-top-column elementor-element elementor-element-9652dc5\" data-id=\"9652dc5\" data-element_type=\"column\">\n\t\t\t<div class=\"elementor-widget-wrap elementor-element-populated\">\n\t\t\t\t\t\t<div class=\"elementor-element elementor-element-711f90e elementor-widget elementor-widget-heading\" data-id=\"711f90e\" data-element_type=\"widget\" data-widget_type=\"heading.default\">\n\t\t\t\t<div class=\"elementor-widget-container\">\n\t\t\t\t\t<h2 class=\"elementor-heading-title elementor-size-default\">Entre em contato<\/h2>\t\t\t\t<\/div>\n\t\t\t\t<\/div>\n\t\t\t\t<div class=\"elementor-element elementor-element-7084272 color-scheme-inherit text-left elementor-widget elementor-widget-text-editor\" data-id=\"7084272\" data-element_type=\"widget\" data-widget_type=\"text-editor.default\">\n\t\t\t\t<div class=\"elementor-widget-container\">\n\t\t\t\t\t\t\t\t\t<p>Qualquer d\u00favidas ou informa\u00e7\u00f5es entre em contato em <span style=\"text-decoration: underline;\"><a href=\"mailto:loja@murbbrasil.com\" target=\"_blank\" rel=\"noopener\">loja@murbbrasil.com<\/a><\/span> <br \/>Siga nossas redes sociais @murbbrasil<\/p>\t\t\t\t\t\t\t\t<\/div>\n\t\t\t\t<\/div>\n\t\t\t\t\t<\/div>\n\t\t<\/div>\n\t\t\t\t\t<\/div>\n\t\t<\/section>\n\t\t\t\t<\/div>\n\t\t","protected":false},"excerpt":{"rendered":"<p>QUEM SOMOS Murb: M\u00fasica Urbana. Moda Urbana. Movimento Urbano Bem-vindo \u00e0 Murb \u2014 onde a cultura urbana se encontra.Mais do<\/p>\n","protected":false},"author":1,"featured_media":0,"parent":0,"menu_order":0,"comment_status":"closed","ping_status":"closed","template":"","meta":{"footnotes":""},"class_list":["post-4400","page","type-page","status-publish","hentry"],"_links":{"self":[{"href":"https:\/\/loja.murbbrasil.com\/es\/wp-json\/wp\/v2\/pages\/4400","targetHints":{"allow":["GET"]}}],"collection":[{"href":"https:\/\/loja.murbbrasil.com\/es\/wp-json\/wp\/v2\/pages"}],"about":[{"href":"https:\/\/loja.murbbrasil.com\/es\/wp-json\/wp\/v2\/types\/page"}],"author":[{"embeddable":true,"href":"https:\/\/loja.murbbrasil.com\/es\/wp-json\/wp\/v2\/users\/1"}],"replies":[{"embeddable":true,"href":"https:\/\/loja.murbbrasil.com\/es\/wp-json\/wp\/v2\/comments?post=4400"}],"version-history":[{"count":20,"href":"https:\/\/loja.murbbrasil.com\/es\/wp-json\/wp\/v2\/pages\/4400\/revisions"}],"predecessor-version":[{"id":15371,"href":"https:\/\/loja.murbbrasil.com\/es\/wp-json\/wp\/v2\/pages\/4400\/revisions\/15371"}],"wp:attachment":[{"href":"https:\/\/loja.murbbrasil.com\/es\/wp-json\/wp\/v2\/media?parent=4400"}],"curies":[{"name":"wp","href":"https:\/\/api.w.org\/{rel}","templated":true}]}}