{"id":15214,"date":"2023-10-18T10:18:03","date_gmt":"2023-10-18T13:18:03","guid":{"rendered":"https:\/\/loja.murbbrasil.com\/?page_id=15214"},"modified":"2025-11-13T11:54:35","modified_gmt":"2025-11-13T14:54:35","slug":"prazo-de-entrega-e-devolucao","status":"publish","type":"page","link":"https:\/\/loja.murbbrasil.com\/en\/prazo-de-entrega-e-devolucao\/","title":{"rendered":"Prazo de entrega e devolu\u00e7\u00e3o"},"content":{"rendered":"\t\t<div data-elementor-type=\"wp-page\" data-elementor-id=\"15214\" class=\"elementor elementor-15214\" data-elementor-post-type=\"page\">\n\t\t\t\t\t\t<section class=\"elementor-section elementor-top-section elementor-element elementor-element-69ec158 elementor-section-boxed elementor-section-height-default elementor-section-height-default wd-section-disabled\" data-id=\"69ec158\" data-element_type=\"section\">\n\t\t\t\t\t\t<div class=\"elementor-container elementor-column-gap-default\">\n\t\t\t\t\t<div class=\"elementor-column elementor-col-100 elementor-top-column elementor-element elementor-element-94baaef\" data-id=\"94baaef\" data-element_type=\"column\">\n\t\t\t<div class=\"elementor-widget-wrap elementor-element-populated\">\n\t\t\t\t\t\t<div class=\"elementor-element elementor-element-924432c color-scheme-inherit text-left elementor-widget elementor-widget-text-editor\" data-id=\"924432c\" data-element_type=\"widget\" data-widget_type=\"text-editor.default\">\n\t\t\t\t<div class=\"elementor-widget-container\">\n\t\t\t\t\t\t\t\t\t<h1><strong>POL\u00cdTICA DE ENTREGA E DEVOLU\u00c7\u00d5ES<\/strong><\/h1>\n<h3>Prazo de entrega<\/h3>\n<p>O prazo para postar seu pedido \u00e9 de at\u00e9 3 dias \u00fateis ap\u00f3s a aprova\u00e7\u00e3o do pagamento;<\/p>\n<p>O prazo de entrega varia de acordo com a sua regi\u00e3o e op\u00e7\u00e3o de frete escolhida;<\/p>\n<p>Pedidos enviados via Correios ou Melhor Envio podem ser consultados com o c\u00f3digo de rastreamento disponibilizado em sua conta;<\/p>\n<p>\u00c9 importante que o endere\u00e7o seja cadastrado corretamente para que a entrega seja efetuada com sucesso.<\/p>\n<h3>Poss\u00edveis motivos para atraso de sua entrega<\/h3>\n<p>Aus\u00eancia do cliente no endere\u00e7o de entrega cadastrado no site;<\/p>\n<p>Endere\u00e7o cadastrado incorreto ou incompleto; mudan\u00e7as clim\u00e1ticas (alagamento, fortes chuvas e etc);<\/p>\n<p>As entregas poder\u00e3o sofrer atrasos caso os Correios determinem greve sem pr\u00e9vio aviso;<\/p>\n<p>Restri\u00e7\u00e3o de \u00e1rea de entrega por pol\u00edtica exclusiva dos Correios;<\/p>\n<p>Alguns locais restritos de entrega e o objeto ficam dispon\u00edveis na ag\u00eancia de Correios mais pr\u00f3xima para serem retirados em at\u00e9 5 dias corridos. Caso o objeto n\u00e3o seja retirado, o mesmo \u00e9 devolvido ao Centro de distribui\u00e7\u00e3o;<\/p>\n<p>Em caso de d\u00favidas entre em contato com nossa Central de Relacionamentos atrav\u00e9s do e-mail <a href=\"mailto:loja@murbbrasil.com\" target=\"_blank\" rel=\"noopener\" style=\"text-decoration-line: underline;\">loja@murbbrasil.com<\/a><\/p>\n<h3>Troca ou Devolu\u00e7\u00e3o<\/h3>\n<p>De acordo com as diretrizes do C\u00f3digo de Defesa do Consumidor, voc\u00ea tem at\u00e9 7 dias corridos ap\u00f3s receber seu pedido para solicitar a troca ou devolu\u00e7\u00e3o por desist\u00eancia ou problemas de numera\u00e7\u00e3o;<\/p>\n<p>Caso o produto que voc\u00ea adquiriu ou sua embalagem mostrem evid\u00eancias de danos, \u00e9 necess\u00e1rio que voc\u00ea entre em contato conosco em at\u00e9 3 dias corridos ap\u00f3s a data de entrega;<\/p>\n<p>Produtos devolvidos fora desses prazos ser\u00e3o reenviados para voc\u00ea sem consulta pr\u00e9via;<\/p>\n<p>N\u00e3o ser\u00e3o aceitas devolu\u00e7\u00f5es de produtos com marcas de uso, sob nenhuma exce\u00e7\u00e3o.<\/p>\n<p>Para solicitar uma troca ou devolu\u00e7\u00e3o entre em sua conta ou <a href=\"mailto:loja@murbbrasil.com\" target=\"_blank\" rel=\"noopener\"><u>CLIQUE AQUI<\/u><\/a><\/p>\n<h5>Observa\u00e7\u00f5es:<\/h5>\n<p>O produto deve ser devolvido na mesma condi\u00e7\u00e3o em que foi enviado, com todos os acess\u00f3rios, e sem sinais de uso ou danos. Ap\u00f3s recebermos o produto, ele ser\u00e1 inspecionado e, se estiver em boas condi\u00e7\u00f5es, emitiremos um vale-compras para voc\u00ea ou a devolu\u00e7\u00e3o no mesmo meio de pagamento efetuado;<\/p>\n<p>Se tiver alguma d\u00favida, entre em contato conosco pelo e-mail: <a href=\"mailto:loja@murbbrasil.com\" target=\"_blank\" rel=\"noopener\" style=\"text-decoration-line: underline;\">loja@murbbrasil.com<\/a><br><strong><br><\/strong><\/p>\n<h3>Prazo do reembolso ou do cr\u00e9dito<\/h3>\n<p><strong>Boleto Banc\u00e1rio ou PIX<\/strong><br>O valor da compra ser\u00e1 reembolsado via dep\u00f3sito em conta corrente, usando as informa\u00e7\u00f5es banc\u00e1rias fornecidas por voc\u00ea. Esse processo ser\u00e1 conclu\u00eddo em at\u00e9 15 (quinze) dias;<\/p>\n<p>AVISO: N\u00e3o faremos reembolsos em contas banc\u00e1rias de terceiros.<\/p>\n<p><strong>Cart\u00e3o de Cr\u00e9dito<\/strong><br>O reembolso ser\u00e1 refletido em at\u00e9 2 (duas) faturas subsequentes \u00e0 data da aprova\u00e7\u00e3o da devolu\u00e7\u00e3o, dependendo da data de fechamento da fatura. Esse prazo \u00e9 definido pelas administradoras de cart\u00e3o de cr\u00e9dito.<\/p>\n<p><strong>Defeito de fabrica\u00e7\u00e3o<\/strong><\/p>\n<p>Se um defeito de fabrica\u00e7\u00e3o for identificado, ser\u00e1 liberado um vale-compras no site, do valor correspondente em at\u00e9 5 dias ap\u00f3s recebermos o produto;<\/p>\n<p>Produtos devolvidos por defeitos de fabrica\u00e7\u00e3o passar\u00e3o por uma an\u00e1lise para verificar o defeito relatado. Se n\u00e3o for constatado nenhum defeito ou se as condi\u00e7\u00f5es da nossa pol\u00edtica n\u00e3o forem cumpridas, o produto ser\u00e1 devolvido sem reembolso;<\/p>\n<p>Produtos devolvidos fora dos prazos indicados ser\u00e3o reenviados a voc\u00ea sem consulta pr\u00e9via.<\/p>\t\t\t\t\t\t\t\t<\/div>\n\t\t\t\t<\/div>\n\t\t\t\t\t<\/div>\n\t\t<\/div>\n\t\t\t\t\t<\/div>\n\t\t<\/section>\n\t\t\t\t<\/div>\n\t\t","protected":false},"excerpt":{"rendered":"<p>POL\u00cdTICA DE ENTREGA E DEVOLU\u00c7\u00d5ES Prazo de entrega O prazo para postar seu pedido \u00e9 de at\u00e9 3 dias \u00fateis<\/p>\n","protected":false},"author":1,"featured_media":0,"parent":0,"menu_order":0,"comment_status":"closed","ping_status":"closed","template":"","meta":{"footnotes":""},"class_list":["post-15214","page","type-page","status-publish","hentry"],"_links":{"self":[{"href":"https:\/\/loja.murbbrasil.com\/en\/wp-json\/wp\/v2\/pages\/15214","targetHints":{"allow":["GET"]}}],"collection":[{"href":"https:\/\/loja.murbbrasil.com\/en\/wp-json\/wp\/v2\/pages"}],"about":[{"href":"https:\/\/loja.murbbrasil.com\/en\/wp-json\/wp\/v2\/types\/page"}],"author":[{"embeddable":true,"href":"https:\/\/loja.murbbrasil.com\/en\/wp-json\/wp\/v2\/users\/1"}],"replies":[{"embeddable":true,"href":"https:\/\/loja.murbbrasil.com\/en\/wp-json\/wp\/v2\/comments?post=15214"}],"version-history":[{"count":17,"href":"https:\/\/loja.murbbrasil.com\/en\/wp-json\/wp\/v2\/pages\/15214\/revisions"}],"predecessor-version":[{"id":15361,"href":"https:\/\/loja.murbbrasil.com\/en\/wp-json\/wp\/v2\/pages\/15214\/revisions\/15361"}],"wp:attachment":[{"href":"https:\/\/loja.murbbrasil.com\/en\/wp-json\/wp\/v2\/media?parent=15214"}],"curies":[{"name":"wp","href":"https:\/\/api.w.org\/{rel}","templated":true}]}}